{"id":114,"date":"2022-02-16T21:55:55","date_gmt":"2022-02-17T00:55:55","guid":{"rendered":"http:\/\/libermall.com.br\/?page_id=114"},"modified":"2022-02-17T20:44:17","modified_gmt":"2022-02-17T23:44:17","slug":"localizacao-privilegiada","status":"publish","type":"page","link":"https:\/\/libermall.com.br\/index.php\/localizacao-privilegiada\/","title":{"rendered":"LOCALIZA\u00c7\u00c3O PRIVILEGIADA"},"content":{"rendered":"\n<div class=\"wp-block-image\"><figure class=\"aligncenter size-full is-resized\"><img loading=\"lazy\" decoding=\"async\" src=\"http:\/\/libermall.com.br\/wp-content\/uploads\/2022\/02\/Icone-Localizacao.png\" alt=\"\" class=\"wp-image-214\" width=\"56\" height=\"73\" srcset=\"https:\/\/libermall.com.br\/wp-content\/uploads\/2022\/02\/Icone-Localizacao.png 613w, https:\/\/libermall.com.br\/wp-content\/uploads\/2022\/02\/Icone-Localizacao-231x300.png 231w\" sizes=\"auto, (max-width: 56px) 100vw, 56px\" \/><\/figure><\/div>\n\n\n\n<p class=\"has-text-align-center\">Localizado no maior complexo comercial da cidade, situado na Av. Liberdade, principal via de tr\u00e2nsito, que liga Bayeux ao Centro da Capital e \u00e0 cidade vizinha de Santa Rita, onde est\u00e3o estabelecidas as lojas das grandes redes de varejo do pa\u00eds, al\u00e9m de bancos, academia, policl\u00ednica e diversas outras opera\u00e7\u00f5es comerciais.<br><\/p>\n","protected":false},"excerpt":{"rendered":"<p>Localizado no maior complexo comercial da cidade, situado na Av. Liberdade, principal via de tr\u00e2nsito, que liga Bayeux ao Centro da Capital e \u00e0 cidade vizinha de Santa Rita, onde est\u00e3o estabelecidas as lojas das grandes redes de varejo do pa\u00eds, al\u00e9m de bancos, academia, policl\u00ednica e diversas outras opera\u00e7\u00f5es comerciais.<\/p>\n","protected":false},"author":1,"featured_media":16,"parent":0,"menu_order":0,"comment_status":"closed","ping_status":"closed","template":"","meta":{"footnotes":""},"class_list":["post-114","page","type-page","status-publish","has-post-thumbnail","hentry"],"_links":{"self":[{"href":"https:\/\/libermall.com.br\/index.php\/wp-json\/wp\/v2\/pages\/114","targetHints":{"allow":["GET"]}}],"collection":[{"href":"https:\/\/libermall.com.br\/index.php\/wp-json\/wp\/v2\/pages"}],"about":[{"href":"https:\/\/libermall.com.br\/index.php\/wp-json\/wp\/v2\/types\/page"}],"author":[{"embeddable":true,"href":"https:\/\/libermall.com.br\/index.php\/wp-json\/wp\/v2\/users\/1"}],"replies":[{"embeddable":true,"href":"https:\/\/libermall.com.br\/index.php\/wp-json\/wp\/v2\/comments?post=114"}],"version-history":[{"count":4,"href":"https:\/\/libermall.com.br\/index.php\/wp-json\/wp\/v2\/pages\/114\/revisions"}],"predecessor-version":[{"id":237,"href":"https:\/\/libermall.com.br\/index.php\/wp-json\/wp\/v2\/pages\/114\/revisions\/237"}],"wp:featuredmedia":[{"embeddable":true,"href":"https:\/\/libermall.com.br\/index.php\/wp-json\/wp\/v2\/media\/16"}],"wp:attachment":[{"href":"https:\/\/libermall.com.br\/index.php\/wp-json\/wp\/v2\/media?parent=114"}],"curies":[{"name":"wp","href":"https:\/\/api.w.org\/{rel}","templated":true}]}}